{"id":2179,"date":"2025-02-19T14:43:50","date_gmt":"2025-02-19T13:43:50","guid":{"rendered":"https:\/\/dev.nitrocellulose.cz\/diethylether\/"},"modified":"2025-08-27T13:34:30","modified_gmt":"2025-08-27T11:34:30","slug":"diethylether","status":"publish","type":"page","link":"https:\/\/dev.nitrocellulose.cz\/en\/diethylether\/","title":{"rendered":"Diethyl ether"},"content":{"rendered":"\t\t<div data-elementor-type=\"wp-page\" data-elementor-id=\"2179\" class=\"elementor elementor-2179 elementor-297\" data-elementor-post-type=\"page\">\n\t\t\t\t<div class=\"elementor-element elementor-element-4b24c4d e-con-full e-flex e-con e-parent\" data-id=\"4b24c4d\" data-element_type=\"container\" data-e-type=\"container\" data-settings=\"{&quot;background_background&quot;:&quot;classic&quot;}\">\n\t\t\t\t<div class=\"elementor-element elementor-element-46e10ee elementor-widget elementor-widget-template\" data-id=\"46e10ee\" data-element_type=\"widget\" data-e-type=\"widget\" data-widget_type=\"template.default\">\n\t\t\t\t<div class=\"elementor-widget-container\">\n\t\t\t\t\t\t\t<div class=\"elementor-template\">\n\t\t\t\t\t<div data-elementor-type=\"page\" data-elementor-id=\"1856\" class=\"elementor elementor-1856\" data-elementor-post-type=\"elementor_library\">\n\t\t\t\t<div class=\"elementor-element elementor-element-226ae994 e-flex e-con-boxed e-con e-parent\" data-id=\"226ae994\" data-element_type=\"container\" data-e-type=\"container\" data-settings=\"{&quot;background_background&quot;:&quot;video&quot;,&quot;background_play_on_mobile&quot;:&quot;yes&quot;,&quot;background_video_link&quot;:&quot;https:\\\/\\\/dev.nitrocellulose.cz\\\/wp-content\\\/uploads\\\/2025\\\/08\\\/banner_diethylether.mp4&quot;}\">\n\t\t\t\t\t<div class=\"e-con-inner\">\n\t\t<div class=\"elementor-background-video-container\">\n\t\t\t\t\t\t\t<video class=\"elementor-background-video-hosted\" role=\"presentation\" autoplay muted playsinline loop><\/video>\n\t\t\t\t\t<\/div>\t\t\t<\/div>\n\t\t\t\t<\/div>\n\t\t\t\t<\/div>\n\t\t\t\t<\/div>\n\t\t\t\t\t\t<\/div>\n\t\t\t\t<\/div>\n\t\t\t\t<\/div>\n\t\t<div class=\"elementor-element elementor-element-a8f436b e-con-full e-flex e-con e-parent\" data-id=\"a8f436b\" data-element_type=\"container\" data-e-type=\"container\">\n\t\t\t\t<div class=\"elementor-element elementor-element-5bd88de elementor-widget elementor-widget-template\" data-id=\"5bd88de\" data-element_type=\"widget\" data-e-type=\"widget\" data-widget_type=\"template.default\">\n\t\t\t\t<div class=\"elementor-widget-container\">\n\t\t\t\t\t\t\t<div class=\"elementor-template\">\n\t\t\t\t\t<div data-elementor-type=\"container\" data-elementor-id=\"746\" class=\"elementor elementor-746\" data-elementor-post-type=\"elementor_library\">\n\t\t\t\t<div class=\"elementor-element elementor-element-6709049b e-flex e-con-boxed e-con e-parent\" data-id=\"6709049b\" data-element_type=\"container\" data-e-type=\"container\" data-settings=\"{&quot;background_background&quot;:&quot;classic&quot;}\">\n\t\t\t\t\t<div class=\"e-con-inner\">\n\t\t<div class=\"elementor-element elementor-element-1f54ffc2 e-con-full e-flex e-con e-child\" data-id=\"1f54ffc2\" data-element_type=\"container\" data-e-type=\"container\">\n\t\t\t\t<div class=\"elementor-element elementor-element-b6c3ee4 elementor-widget elementor-widget-shortcode\" data-id=\"b6c3ee4\" data-element_type=\"widget\" data-e-type=\"widget\" data-widget_type=\"shortcode.default\">\n\t\t\t\t<div class=\"elementor-widget-container\">\n\t\t\t\t\t\t\t<div class=\"elementor-shortcode\"><nav class=\"breadcrumbs\" aria-label=\"Breadcrumbs\"><a href=\"https:\/\/dev.nitrocellulose.cz\/en\/\" class=\"breadcrumb breadcrumb--first\">Home<\/a> <span class='breadcrumbs__separator' aria-hidden='true'>&raquo;<\/span> <span class=\"breadcrumb breadcrumb--last\" aria-current=\"page\"><\/span><\/nav><\/div>\n\t\t\t\t\t\t<\/div>\n\t\t\t\t<\/div>\n\t\t\t\t<\/div>\n\t\t\t\t\t<\/div>\n\t\t\t\t<\/div>\n\t\t\t\t<\/div>\n\t\t\t\t<\/div>\n\t\t\t\t\t\t<\/div>\n\t\t\t\t<\/div>\n\t\t\t\t<\/div>\n\t\t<div class=\"elementor-element elementor-element-ccf89b5 e-flex e-con-boxed e-con e-parent\" data-id=\"ccf89b5\" data-element_type=\"container\" data-e-type=\"container\">\n\t\t\t\t\t<div class=\"e-con-inner\">\n\t\t\t\t<div class=\"elementor-element elementor-element-0ed5730 elementor-widget elementor-widget-spacer\" data-id=\"0ed5730\" data-element_type=\"widget\" data-e-type=\"widget\" data-widget_type=\"spacer.default\">\n\t\t\t\t<div class=\"elementor-widget-container\">\n\t\t\t\t\t\t\t<div class=\"elementor-spacer\">\n\t\t\t<div class=\"elementor-spacer-inner\"><\/div>\n\t\t<\/div>\n\t\t\t\t\t\t<\/div>\n\t\t\t\t<\/div>\n\t\t\t\t\t<\/div>\n\t\t\t\t<\/div>\n\t\t<div class=\"elementor-element elementor-element-5bb3a62 e-flex e-con-boxed e-con e-parent\" data-id=\"5bb3a62\" data-element_type=\"container\" data-e-type=\"container\">\n\t\t\t\t\t<div class=\"e-con-inner\">\n\t\t<div class=\"elementor-element elementor-element-b9dd7a6 e-con-full e-flex e-con e-child\" data-id=\"b9dd7a6\" data-element_type=\"container\" data-e-type=\"container\">\n\t\t\t\t<div class=\"elementor-element elementor-element-c85e6c8 elementor-widget elementor-widget-heading\" data-id=\"c85e6c8\" data-element_type=\"widget\" data-e-type=\"widget\" data-widget_type=\"heading.default\">\n\t\t\t\t<div class=\"elementor-widget-container\">\n\t\t\t\t\t<h1 class=\"elementor-heading-title elementor-size-default\">Diethyl ether<\/h1>\t\t\t\t<\/div>\n\t\t\t\t<\/div>\n\t\t<div class=\"elementor-element elementor-element-3d49910 e-con-full e-flex e-con e-child\" data-id=\"3d49910\" data-element_type=\"container\" data-e-type=\"container\">\n\t\t<div class=\"elementor-element elementor-element-9d2332a e-con-full e-flex e-con e-child\" data-id=\"9d2332a\" data-element_type=\"container\" data-e-type=\"container\">\n\t\t<div class=\"elementor-element elementor-element-0b12096 e-con-full e-flex e-con e-child\" data-id=\"0b12096\" data-element_type=\"container\" data-e-type=\"container\">\n\t\t<div class=\"elementor-element elementor-element-ff4cff3 e-con-full e-flex e-con e-child\" data-id=\"ff4cff3\" data-element_type=\"container\" data-e-type=\"container\">\n\t\t\t\t<div class=\"elementor-element elementor-element-3f2fb9f elementor-widget elementor-widget-image\" data-id=\"3f2fb9f\" data-element_type=\"widget\" data-e-type=\"widget\" data-widget_type=\"image.default\">\n\t\t\t\t<div class=\"elementor-widget-container\">\n\t\t\t\t\t\t\t\t\t\t\t\t\t\t\t<img fetchpriority=\"high\" decoding=\"async\" width=\"397\" height=\"265\" src=\"https:\/\/dev.nitrocellulose.cz\/wp-content\/uploads\/2025\/07\/diethylether3.webp\" class=\"attachment-large size-large wp-image-892\" alt=\"Diethyleter\" \/>\t\t\t\t\t\t\t\t\t\t\t\t\t\t\t<\/div>\n\t\t\t\t<\/div>\n\t\t\t\t<\/div>\n\t\t<div class=\"elementor-element elementor-element-299180b e-con-full e-flex e-con e-child\" data-id=\"299180b\" data-element_type=\"container\" data-e-type=\"container\">\n\t\t\t\t<div class=\"elementor-element elementor-element-eb536b6 elementor-widget elementor-widget-text-editor\" data-id=\"eb536b6\" data-element_type=\"widget\" data-e-type=\"widget\" data-widget_type=\"text-editor.default\">\n\t\t\t\t<div class=\"elementor-widget-container\">\n\t\t\t\t\t\t\t\t\t<p>We are the main supplier of <strong>diethyl ether<\/strong> on the <strong>Czech market<\/strong> and we also have a significant share in selected <strong>European markets<\/strong>. Our <strong>long-term experience<\/strong> and <strong>stable product quality<\/strong> make us a <strong>reliable partner<\/strong> in the field of <strong>solvents<\/strong>.<\/p><p><strong>Synthesia Nitrocellulose<\/strong> manufactures <strong>high-quality diethyl ether<\/strong>, an oxygenated solvent with low environmental impact, in three grades: <strong>technical diethyl ether<\/strong>, <strong>diethyl ether \u010cL<\/strong> (pharmaceutical grade according to <strong>\u010cesk\u00fd l\u00e9kopis<\/strong> (\u010cL) \u2013 <em>Pharmacopoea Bohemica<\/em>) and <strong>diethyl ether p.a.<\/strong> (for analytical purposes).<\/p><p><strong>Diethyl ether \u010cL<\/strong> can be stabilised with <strong>phenidone<\/strong> or <strong>BHT<\/strong> according to customer requirements, and the products can be supplied separately or <strong>with nitrocellulose<\/strong>.<\/p><p><strong>Technical diethyl ether<\/strong> is used in the production of <strong>smokeless powders<\/strong>, higher quality in the <strong>pharmaceutical industry<\/strong> and <strong>laboratories<\/strong> as a <strong>pure chemical<\/strong>.<\/p>\t\t\t\t\t\t\t\t<\/div>\n\t\t\t\t<\/div>\n\t\t\t\t<\/div>\n\t\t\t\t<\/div>\n\t\t\t\t<div class=\"elementor-element elementor-element-1c4b744 elementor-widget elementor-widget-spacer\" data-id=\"1c4b744\" data-element_type=\"widget\" data-e-type=\"widget\" data-widget_type=\"spacer.default\">\n\t\t\t\t<div class=\"elementor-widget-container\">\n\t\t\t\t\t\t\t<div class=\"elementor-spacer\">\n\t\t\t<div class=\"elementor-spacer-inner\"><\/div>\n\t\t<\/div>\n\t\t\t\t\t\t<\/div>\n\t\t\t\t<\/div>\n\t\t\t\t<div class=\"elementor-element elementor-element-470119f elementor-widget elementor-widget-shortcode\" data-id=\"470119f\" data-element_type=\"widget\" data-e-type=\"widget\" data-widget_type=\"shortcode.default\">\n\t\t\t\t<div class=\"elementor-widget-container\">\n\t\t\t\t\t\t\t<div class=\"elementor-shortcode\"><div class=\"produkty-tabulka\" style=\"border-collapse:collapse; width:100%;\">            <div class=\"produkt-radek\" style=\"display:flex; padding:10px; background:#f9f9f9; border-bottom:1px solid #ddd;\">\n                <div class=\"produkt-nazev\">\n                    <a href=\"https:\/\/dev.nitrocellulose.cz\/en\/produkt\/diethylether\/\">\n                        Diethyl ether                    <\/a>\n                <\/div>\n                <div class=\"produkt-cas\" style=\"margin-left:auto;\">60-29-7<\/div>\n            <\/div>\n            <\/div><\/div>\n\t\t\t\t\t\t<\/div>\n\t\t\t\t<\/div>\n\t\t\t\t<div class=\"elementor-element elementor-element-c6a6a88 elementor-widget elementor-widget-spacer\" data-id=\"c6a6a88\" data-element_type=\"widget\" data-e-type=\"widget\" data-widget_type=\"spacer.default\">\n\t\t\t\t<div class=\"elementor-widget-container\">\n\t\t\t\t\t\t\t<div class=\"elementor-spacer\">\n\t\t\t<div class=\"elementor-spacer-inner\"><\/div>\n\t\t<\/div>\n\t\t\t\t\t\t<\/div>\n\t\t\t\t<\/div>\n\t\t\t\t<div class=\"elementor-element elementor-element-4078bb0 elementor-widget elementor-widget-spacer\" data-id=\"4078bb0\" data-element_type=\"widget\" data-e-type=\"widget\" data-widget_type=\"spacer.default\">\n\t\t\t\t<div class=\"elementor-widget-container\">\n\t\t\t\t\t\t\t<div class=\"elementor-spacer\">\n\t\t\t<div class=\"elementor-spacer-inner\"><\/div>\n\t\t<\/div>\n\t\t\t\t\t\t<\/div>\n\t\t\t\t<\/div>\n\t\t\t\t<\/div>\n\t\t<div class=\"elementor-element elementor-element-ff362e9 e-con-full e-flex e-con e-child\" data-id=\"ff362e9\" data-element_type=\"container\" data-e-type=\"container\">\n\t\t\t\t<div class=\"elementor-element elementor-element-39aa619 elementor-widget elementor-widget-template\" data-id=\"39aa619\" data-element_type=\"widget\" data-e-type=\"widget\" data-widget_type=\"template.default\">\n\t\t\t\t<div class=\"elementor-widget-container\">\n\t\t\t\t\t\t\t<div class=\"elementor-template\">\n\t\t\t\t\t<div data-elementor-type=\"container\" data-elementor-id=\"770\" class=\"elementor elementor-770\" data-elementor-post-type=\"elementor_library\">\n\t\t\t\t<div class=\"elementor-element elementor-element-7b72f548 e-con-full e-flex e-con e-child\" data-id=\"7b72f548\" data-element_type=\"container\" data-e-type=\"container\" data-settings=\"{&quot;background_background&quot;:&quot;classic&quot;}\">\n\t\t\t\t<div class=\"elementor-element elementor-element-31aeb1b2 elementor-widget elementor-widget-shortcode\" data-id=\"31aeb1b2\" data-element_type=\"widget\" data-e-type=\"widget\" data-widget_type=\"shortcode.default\">\n\t\t\t\t<div class=\"elementor-widget-container\">\n\t\t\t\t\t\t\t<div class=\"elementor-shortcode\"><img decoding=\"async\" width=\"124\" height=\"124\" src=\"https:\/\/dev.nitrocellulose.cz\/wp-content\/uploads\/2025\/07\/hasa.webp\" class=\"attachment-large size-large kontakt-image\" alt=\"Petr Ha\u0161a\" srcset=\"https:\/\/dev.nitrocellulose.cz\/wp-content\/uploads\/2025\/07\/hasa.webp 164w, https:\/\/dev.nitrocellulose.cz\/wp-content\/uploads\/2025\/07\/hasa-150x150.webp 150w\" sizes=\"(max-width: 164px) 100vw, 164px\"><\/div>\n\t\t\t\t\t\t<\/div>\n\t\t\t\t<\/div>\n\t\t\t\t<div class=\"elementor-element elementor-element-b82d884 elementor-widget elementor-widget-heading\" data-id=\"b82d884\" data-element_type=\"widget\" data-e-type=\"widget\" data-widget_type=\"heading.default\">\n\t\t\t\t<div class=\"elementor-widget-container\">\n\t\t\t\t\t<div class=\"elementor-heading-title elementor-size-default\">Petr Hasa<\/div>\t\t\t\t<\/div>\n\t\t\t\t<\/div>\n\t\t\t\t<div class=\"elementor-element elementor-element-789a0ded elementor-widget elementor-widget-text-editor\" data-id=\"789a0ded\" data-element_type=\"widget\" data-e-type=\"widget\" data-widget_type=\"text-editor.default\">\n\t\t\t\t<div class=\"elementor-widget-container\">\n\t\t\t\t\t\t\t\t\tSales manager\t\t\t\t\t\t\t\t<\/div>\n\t\t\t\t<\/div>\n\t\t\t\t<div class=\"elementor-element elementor-element-596c1124 elementor-icon-list--layout-traditional elementor-list-item-link-full_width elementor-widget elementor-widget-icon-list\" data-id=\"596c1124\" data-element_type=\"widget\" data-e-type=\"widget\" data-widget_type=\"icon-list.default\">\n\t\t\t\t<div class=\"elementor-widget-container\">\n\t\t\t\t\t\t\t<ul class=\"elementor-icon-list-items\">\n\t\t\t\t\t\t\t<li class=\"elementor-icon-list-item\">\n\t\t\t\t\t\t\t\t\t\t\t<span class=\"elementor-icon-list-icon\">\n\t\t\t\t\t\t\t<svg aria-hidden=\"true\" class=\"e-font-icon-svg e-fas-phone-alt\" viewBox=\"0 0 512 512\" xmlns=\"http:\/\/www.w3.org\/2000\/svg\"><path d=\"M497.39 361.8l-112-48a24 24 0 0 0-28 6.9l-49.6 60.6A370.66 370.66 0 0 1 130.6 204.11l60.6-49.6a23.94 23.94 0 0 0 6.9-28l-48-112A24.16 24.16 0 0 0 122.6.61l-104 24A24 24 0 0 0 0 48c0 256.5 207.9 464 464 464a24 24 0 0 0 23.4-18.6l24-104a24.29 24.29 0 0 0-14.01-27.6z\"><\/path><\/svg>\t\t\t\t\t\t<\/span>\n\t\t\t\t\t\t\t\t\t\t<span class=\"elementor-icon-list-text\"><a href=\"tel:Tel.:+420466823458\">Tel.: +420 466 823 458<\/a><\/span>\n\t\t\t\t\t\t\t\t\t<\/li>\n\t\t\t\t\t\t\t\t<li class=\"elementor-icon-list-item\">\n\t\t\t\t\t\t\t\t\t\t\t<span class=\"elementor-icon-list-icon\">\n\t\t\t\t\t\t\t<svg aria-hidden=\"true\" class=\"e-font-icon-svg e-far-envelope\" viewBox=\"0 0 512 512\" xmlns=\"http:\/\/www.w3.org\/2000\/svg\"><path d=\"M464 64H48C21.49 64 0 85.49 0 112v288c0 26.51 21.49 48 48 48h416c26.51 0 48-21.49 48-48V112c0-26.51-21.49-48-48-48zm0 48v40.805c-22.422 18.259-58.168 46.651-134.587 106.49-16.841 13.247-50.201 45.072-73.413 44.701-23.208.375-56.579-31.459-73.413-44.701C106.18 199.465 70.425 171.067 48 152.805V112h416zM48 400V214.398c22.914 18.251 55.409 43.862 104.938 82.646 21.857 17.205 60.134 55.186 103.062 54.955 42.717.231 80.509-37.199 103.053-54.947 49.528-38.783 82.032-64.401 104.947-82.653V400H48z\"><\/path><\/svg>\t\t\t\t\t\t<\/span>\n\t\t\t\t\t\t\t\t\t\t<span class=\"elementor-icon-list-text\"><a href=\"mailto:petr.hasa@nitrocellulose.cz\">petr.hasa@nitrocellulose.cz<\/a><\/span>\n\t\t\t\t\t\t\t\t\t<\/li>\n\t\t\t\t\t\t<\/ul>\n\t\t\t\t\t\t<\/div>\n\t\t\t\t<\/div>\n\t\t\t\t<\/div>\n\t\t\t\t<\/div>\n\t\t\t\t<\/div>\n\t\t\t\t\t\t<\/div>\n\t\t\t\t<\/div>\n\t\t\t\t<div class=\"elementor-element elementor-element-756bab3 elementor-widget elementor-widget-template\" data-id=\"756bab3\" data-element_type=\"widget\" data-e-type=\"widget\" data-widget_type=\"template.default\">\n\t\t\t\t<div class=\"elementor-widget-container\">\n\t\t\t\t\t\t\t<div class=\"elementor-template\">\n\t\t\t\t\t<div data-elementor-type=\"container\" data-elementor-id=\"777\" class=\"elementor elementor-777\" data-elementor-post-type=\"elementor_library\">\n\t\t\t\t\t\t<\/div>\n\t\t\t\t<\/div>\n\t\t\t\t\t\t<\/div>\n\t\t\t\t<\/div>\n\t\t\t\t<\/div>\n\t\t\t\t<\/div>\n\t\t\t\t<\/div>\n\t\t\t\t\t<\/div>\n\t\t\t\t<\/div>\n\t\t\t\t<\/div>\n\t\t","protected":false},"excerpt":{"rendered":"<p>Diethyl ether We are the main supplier of diethyl ether on the Czech market and we also have a significant share in selected European markets. Our long-term experience and stable product quality make us a reliable partner in the field of solvents. Synthesia Nitrocellulose manufactures high-quality diethyl ether, an oxygenated solvent with low environmental impact, [&hellip;]<\/p>\n","protected":false},"author":1,"featured_media":0,"parent":0,"menu_order":30,"comment_status":"closed","ping_status":"closed","template":"","meta":{"_acf_changed":false,"slim_seo":{"title":"Diethyl ether - Synthesia Nitrocellulose","description":""},"footnotes":""},"class_list":["post-2179","page","type-page","status-publish","hentry"],"acf":{"pripojeny_kontakt":{"ID":2184,"post_author":"1","post_date":"2025-07-30 14:27:47","post_date_gmt":"2025-07-30 12:27:47","post_content":"","post_title":"Petr Hasa","post_excerpt":"","post_status":"publish","comment_status":"closed","ping_status":"closed","post_password":"","post_name":"ing-petr-hasa","to_ping":"","pinged":"","post_modified":"2025-08-27 10:49:43","post_modified_gmt":"2025-08-27 08:49:43","post_content_filtered":"","post_parent":0,"guid":"https:\/\/dev.nitrocellulose.cz\/kontakt\/ing-petr-hasa\/","menu_order":0,"post_type":"kontakt","post_mime_type":"","comment_count":"0","filter":"raw"},"horni_banner_video":"https:\/\/dev.nitrocellulose.cz\/wp-content\/uploads\/2025\/08\/banner_diethylether.mp4","pripojene_soubory":false,"horni_banner":false},"_links":{"self":[{"href":"https:\/\/dev.nitrocellulose.cz\/en\/wp-json\/wp\/v2\/pages\/2179","targetHints":{"allow":["GET"]}}],"collection":[{"href":"https:\/\/dev.nitrocellulose.cz\/en\/wp-json\/wp\/v2\/pages"}],"about":[{"href":"https:\/\/dev.nitrocellulose.cz\/en\/wp-json\/wp\/v2\/types\/page"}],"author":[{"embeddable":true,"href":"https:\/\/dev.nitrocellulose.cz\/en\/wp-json\/wp\/v2\/users\/1"}],"replies":[{"embeddable":true,"href":"https:\/\/dev.nitrocellulose.cz\/en\/wp-json\/wp\/v2\/comments?post=2179"}],"version-history":[{"count":3,"href":"https:\/\/dev.nitrocellulose.cz\/en\/wp-json\/wp\/v2\/pages\/2179\/revisions"}],"predecessor-version":[{"id":2191,"href":"https:\/\/dev.nitrocellulose.cz\/en\/wp-json\/wp\/v2\/pages\/2179\/revisions\/2191"}],"wp:attachment":[{"href":"https:\/\/dev.nitrocellulose.cz\/en\/wp-json\/wp\/v2\/media?parent=2179"}],"curies":[{"name":"wp","href":"https:\/\/api.w.org\/{rel}","templated":true}]}}